{"id":399,"date":"2023-04-03T11:47:18","date_gmt":"2023-04-03T09:47:18","guid":{"rendered":"https:\/\/www.ponozky-trebicsko.cz\/vyroba-ponozek-trebicsko"},"modified":"2023-04-18T13:47:06","modified_gmt":"2023-04-18T11:47:06","slug":"herstellung-von-socken-trebicsko","status":"publish","type":"page","link":"https:\/\/www.ponozky-trebicsko.cz\/de","title":{"rendered":"Herstellung von Socken T\u0159eb\u00ed\u010dsko"},"content":{"rendered":"\n<p>Firma mit ausschlie\u00dflich tschechischem Kapital, liegend 12 km von der Stadt Trebic entfernt, besch\u00e4ftigt sich mit der Produktion der gestrickten Sockenware seit dem Jahr 1990. In diesem Bereich hat sie bedeutendes Renommee f\u00fcr ihre hohe Qualit\u00e4t und niedrige Preise, beginnend schon ab 11,- Kronen, gewonnen. Die Produktion wird auf automatischen Strickdoppel- sowie Einwalzemaschinen realisiert.<br>Geschlossenes Sortiment beinhaltet Socken aus \u00fcberwiegend Baumwollegarne in verschiedenen Farben. Neu bieten wir auch elastische aus dem Material LYCRA.<\/p>\n\n\n\n<p>Nach der Vereinbarung kann man auch Socken auf Bestellung erzeugen, nach dem Wunsch des Kunden (inklusive Werbesocken mit dem Stricken eines Logos).<br>Das ganze Sortiment kann man telefonisch sowie mit Fax bestellen. F\u00fcr eine bessere Orientierung in dem breiten Sortiment stehen zur Verf\u00fcgung Mustern mit den Kodes und mit der Preisliste. Die Bestellungen werden mit der Post abgeschickt, gegebenenfalls mit der pers\u00f6nlichen Abnahme.<\/p>\n\n\n\n<p><a href=\"https:\/\/www.miraponozky.cz\/\">Besuchen Sie unser Internetgesch\u00e4ft<\/a><\/p>\n\n\n\n<figure class=\"wp-block-gallery has-nested-images columns-4 is-cropped wp-block-gallery-1 is-layout-flex wp-block-gallery-is-layout-flex\">\n<figure class=\"wp-block-image size-large\"><img loading=\"lazy\" decoding=\"async\" width=\"791\" height=\"800\" data-id=\"105\" src=\"http:\/\/localhost\/externi\/pvp\/www\/wp-content\/uploads\/2023\/04\/gall04.jpg\" alt=\"\" class=\"wp-image-105\" srcset=\"https:\/\/www.ponozky-trebicsko.cz\/wp-content\/uploads\/2023\/04\/gall04.jpg 791w, https:\/\/www.ponozky-trebicsko.cz\/wp-content\/uploads\/2023\/04\/gall04-297x300.jpg 297w, https:\/\/www.ponozky-trebicsko.cz\/wp-content\/uploads\/2023\/04\/gall04-768x777.jpg 768w, https:\/\/www.ponozky-trebicsko.cz\/wp-content\/uploads\/2023\/04\/gall04-450x455.jpg 450w, https:\/\/www.ponozky-trebicsko.cz\/wp-content\/uploads\/2023\/04\/gall04-191x193.jpg 191w, https:\/\/www.ponozky-trebicsko.cz\/wp-content\/uploads\/2023\/04\/gall04-297x300@2x.jpg 594w, https:\/\/www.ponozky-trebicsko.cz\/wp-content\/uploads\/2023\/04\/gall04-191x193@2x.jpg 382w\" sizes=\"auto, (max-width: 791px) 100vw, 791px\" \/><\/figure>\n\n\n\n<figure class=\"wp-block-image size-large\"><img loading=\"lazy\" decoding=\"async\" width=\"849\" height=\"1024\" data-id=\"103\" src=\"http:\/\/localhost\/externi\/pvp\/www\/wp-content\/uploads\/2023\/04\/gall03.jpg\" alt=\"\" class=\"wp-image-103\" srcset=\"https:\/\/www.ponozky-trebicsko.cz\/wp-content\/uploads\/2023\/04\/gall03.jpg 849w, https:\/\/www.ponozky-trebicsko.cz\/wp-content\/uploads\/2023\/04\/gall03-249x300.jpg 249w, https:\/\/www.ponozky-trebicsko.cz\/wp-content\/uploads\/2023\/04\/gall03-768x926.jpg 768w, https:\/\/www.ponozky-trebicsko.cz\/wp-content\/uploads\/2023\/04\/gall03-450x543.jpg 450w, https:\/\/www.ponozky-trebicsko.cz\/wp-content\/uploads\/2023\/04\/gall03-160x193.jpg 160w, https:\/\/www.ponozky-trebicsko.cz\/wp-content\/uploads\/2023\/04\/gall03-249x300@2x.jpg 498w, https:\/\/www.ponozky-trebicsko.cz\/wp-content\/uploads\/2023\/04\/gall03-160x193@2x.jpg 320w\" sizes=\"auto, (max-width: 849px) 100vw, 849px\" \/><\/figure>\n\n\n\n<figure class=\"wp-block-image size-large is-style-default\"><img loading=\"lazy\" decoding=\"async\" width=\"700\" height=\"824\" data-id=\"102\" src=\"http:\/\/localhost\/externi\/pvp\/www\/wp-content\/uploads\/2023\/04\/gall01.jpg\" alt=\"\" class=\"wp-image-102\" srcset=\"https:\/\/www.ponozky-trebicsko.cz\/wp-content\/uploads\/2023\/04\/gall01.jpg 700w, https:\/\/www.ponozky-trebicsko.cz\/wp-content\/uploads\/2023\/04\/gall01-255x300.jpg 255w, https:\/\/www.ponozky-trebicsko.cz\/wp-content\/uploads\/2023\/04\/gall01-450x530.jpg 450w, https:\/\/www.ponozky-trebicsko.cz\/wp-content\/uploads\/2023\/04\/gall01-164x193.jpg 164w, https:\/\/www.ponozky-trebicsko.cz\/wp-content\/uploads\/2023\/04\/gall01-255x300@2x.jpg 510w, https:\/\/www.ponozky-trebicsko.cz\/wp-content\/uploads\/2023\/04\/gall01-164x193@2x.jpg 328w\" sizes=\"auto, (max-width: 700px) 100vw, 700px\" \/><\/figure>\n\n\n\n<figure class=\"wp-block-image size-large\"><img loading=\"lazy\" decoding=\"async\" width=\"667\" height=\"768\" data-id=\"104\" src=\"http:\/\/localhost\/externi\/pvp\/www\/wp-content\/uploads\/2023\/04\/gall02.jpg\" alt=\"\" class=\"wp-image-104\" srcset=\"https:\/\/www.ponozky-trebicsko.cz\/wp-content\/uploads\/2023\/04\/gall02.jpg 667w, https:\/\/www.ponozky-trebicsko.cz\/wp-content\/uploads\/2023\/04\/gall02-261x300.jpg 261w, https:\/\/www.ponozky-trebicsko.cz\/wp-content\/uploads\/2023\/04\/gall02-450x518.jpg 450w, https:\/\/www.ponozky-trebicsko.cz\/wp-content\/uploads\/2023\/04\/gall02-168x193.jpg 168w, https:\/\/www.ponozky-trebicsko.cz\/wp-content\/uploads\/2023\/04\/gall02-261x300@2x.jpg 522w, https:\/\/www.ponozky-trebicsko.cz\/wp-content\/uploads\/2023\/04\/gall02-168x193@2x.jpg 336w\" sizes=\"auto, (max-width: 667px) 100vw, 667px\" \/><\/figure>\n<\/figure>\n","protected":false},"excerpt":{"rendered":"<p>Firma mit ausschlie\u00dflich tschechischem Kapital, liegend 12 km von der Stadt Trebic entfernt, besch\u00e4ftigt sich mit der Produktion der gestrickten Sockenware seit dem Jahr 1990. In diesem Bereich hat sie bedeutendes Renommee&#8230;<\/p>\n","protected":false},"author":1,"featured_media":0,"parent":0,"menu_order":0,"comment_status":"closed","ping_status":"closed","template":"page-templates\/front-page.php","meta":{"_acf_changed":false,"footnotes":""},"class_list":["post-399","page","type-page","status-publish","hentry"],"acf":[],"yoast_head":"<!-- This site is optimized with the Yoast SEO plugin v24.6 - https:\/\/yoast.com\/wordpress\/plugins\/seo\/ -->\n<title>Herstellung von Socken T\u0159eb\u00ed\u010dsko - Pono\u017eky T\u0159eb\u00ed\u010dsko<\/title>\n<meta name=\"robots\" content=\"index, follow, max-snippet:-1, max-image-preview:large, max-video-preview:-1\" \/>\n<link rel=\"canonical\" href=\"https:\/\/www.ponozky-trebicsko.cz\/de\" \/>\n<meta property=\"og:locale\" content=\"de_DE\" \/>\n<meta property=\"og:type\" content=\"article\" \/>\n<meta property=\"og:title\" content=\"Herstellung von Socken T\u0159eb\u00ed\u010dsko - Pono\u017eky T\u0159eb\u00ed\u010dsko\" \/>\n<meta property=\"og:description\" content=\"Firma mit ausschlie\u00dflich tschechischem Kapital, liegend 12 km von der Stadt Trebic entfernt, besch\u00e4ftigt sich mit der Produktion der gestrickten Sockenware seit dem Jahr 1990. In diesem Bereich hat sie bedeutendes Renommee...\" \/>\n<meta property=\"og:url\" content=\"https:\/\/www.ponozky-trebicsko.cz\/de\" \/>\n<meta property=\"og:site_name\" content=\"Pono\u017eky T\u0159eb\u00ed\u010dsko\" \/>\n<meta property=\"article:modified_time\" content=\"2023-04-18T11:47:06+00:00\" \/>\n<meta property=\"og:image\" content=\"http:\/\/localhost\/externi\/pvp\/www\/wp-content\/uploads\/2023\/04\/gall04.jpg\" \/>\n<meta name=\"twitter:card\" content=\"summary_large_image\" \/>\n<meta name=\"twitter:label1\" content=\"Gesch\u00e4tzte Lesezeit\" \/>\n\t<meta name=\"twitter:data1\" content=\"2\u00a0Minuten\" \/>\n<script type=\"application\/ld+json\" class=\"yoast-schema-graph\">{\"@context\":\"https:\/\/schema.org\",\"@graph\":[{\"@type\":\"WebPage\",\"@id\":\"https:\/\/www.ponozky-trebicsko.cz\/de\",\"url\":\"https:\/\/www.ponozky-trebicsko.cz\/de\",\"name\":\"Herstellung von Socken T\u0159eb\u00ed\u010dsko - Pono\u017eky T\u0159eb\u00ed\u010dsko\",\"isPartOf\":{\"@id\":\"https:\/\/www.ponozky-trebicsko.cz\/#website\"},\"primaryImageOfPage\":{\"@id\":\"https:\/\/www.ponozky-trebicsko.cz\/de#primaryimage\"},\"image\":{\"@id\":\"https:\/\/www.ponozky-trebicsko.cz\/de#primaryimage\"},\"thumbnailUrl\":\"http:\/\/localhost\/externi\/pvp\/www\/wp-content\/uploads\/2023\/04\/gall04.jpg\",\"datePublished\":\"2023-04-03T09:47:18+00:00\",\"dateModified\":\"2023-04-18T11:47:06+00:00\",\"breadcrumb\":{\"@id\":\"https:\/\/www.ponozky-trebicsko.cz\/de#breadcrumb\"},\"inLanguage\":\"de\",\"potentialAction\":[{\"@type\":\"ReadAction\",\"target\":[\"https:\/\/www.ponozky-trebicsko.cz\/de\"]}]},{\"@type\":\"ImageObject\",\"inLanguage\":\"de\",\"@id\":\"https:\/\/www.ponozky-trebicsko.cz\/de#primaryimage\",\"url\":\"http:\/\/localhost\/externi\/pvp\/www\/wp-content\/uploads\/2023\/04\/gall04.jpg\",\"contentUrl\":\"http:\/\/localhost\/externi\/pvp\/www\/wp-content\/uploads\/2023\/04\/gall04.jpg\"},{\"@type\":\"BreadcrumbList\",\"@id\":\"https:\/\/www.ponozky-trebicsko.cz\/de#breadcrumb\",\"itemListElement\":[{\"@type\":\"ListItem\",\"position\":1,\"name\":\"Dom\u016f\",\"item\":\"https:\/\/www.ponozky-trebicsko.cz\/de\"},{\"@type\":\"ListItem\",\"position\":2,\"name\":\"Herstellung von Socken T\u0159eb\u00ed\u010dsko\"}]},{\"@type\":\"WebSite\",\"@id\":\"https:\/\/www.ponozky-trebicsko.cz\/#website\",\"url\":\"https:\/\/www.ponozky-trebicsko.cz\/\",\"name\":\"Pono\u017eky T\u0159eb\u00ed\u010dsko\",\"description\":\"\",\"potentialAction\":[{\"@type\":\"SearchAction\",\"target\":{\"@type\":\"EntryPoint\",\"urlTemplate\":\"https:\/\/www.ponozky-trebicsko.cz\/?s={search_term_string}\"},\"query-input\":{\"@type\":\"PropertyValueSpecification\",\"valueRequired\":true,\"valueName\":\"search_term_string\"}}],\"inLanguage\":\"de\"}]}<\/script>\n<!-- \/ Yoast SEO plugin. -->","yoast_head_json":{"title":"Herstellung von Socken T\u0159eb\u00ed\u010dsko - Pono\u017eky T\u0159eb\u00ed\u010dsko","robots":{"index":"index","follow":"follow","max-snippet":"max-snippet:-1","max-image-preview":"max-image-preview:large","max-video-preview":"max-video-preview:-1"},"canonical":"https:\/\/www.ponozky-trebicsko.cz\/de","og_locale":"de_DE","og_type":"article","og_title":"Herstellung von Socken T\u0159eb\u00ed\u010dsko - Pono\u017eky T\u0159eb\u00ed\u010dsko","og_description":"Firma mit ausschlie\u00dflich tschechischem Kapital, liegend 12 km von der Stadt Trebic entfernt, besch\u00e4ftigt sich mit der Produktion der gestrickten Sockenware seit dem Jahr 1990. In diesem Bereich hat sie bedeutendes Renommee...","og_url":"https:\/\/www.ponozky-trebicsko.cz\/de","og_site_name":"Pono\u017eky T\u0159eb\u00ed\u010dsko","article_modified_time":"2023-04-18T11:47:06+00:00","og_image":[{"url":"http:\/\/localhost\/externi\/pvp\/www\/wp-content\/uploads\/2023\/04\/gall04.jpg","type":"","width":"","height":""}],"twitter_card":"summary_large_image","twitter_misc":{"Gesch\u00e4tzte Lesezeit":"2\u00a0Minuten"},"schema":{"@context":"https:\/\/schema.org","@graph":[{"@type":"WebPage","@id":"https:\/\/www.ponozky-trebicsko.cz\/de","url":"https:\/\/www.ponozky-trebicsko.cz\/de","name":"Herstellung von Socken T\u0159eb\u00ed\u010dsko - Pono\u017eky T\u0159eb\u00ed\u010dsko","isPartOf":{"@id":"https:\/\/www.ponozky-trebicsko.cz\/#website"},"primaryImageOfPage":{"@id":"https:\/\/www.ponozky-trebicsko.cz\/de#primaryimage"},"image":{"@id":"https:\/\/www.ponozky-trebicsko.cz\/de#primaryimage"},"thumbnailUrl":"http:\/\/localhost\/externi\/pvp\/www\/wp-content\/uploads\/2023\/04\/gall04.jpg","datePublished":"2023-04-03T09:47:18+00:00","dateModified":"2023-04-18T11:47:06+00:00","breadcrumb":{"@id":"https:\/\/www.ponozky-trebicsko.cz\/de#breadcrumb"},"inLanguage":"de","potentialAction":[{"@type":"ReadAction","target":["https:\/\/www.ponozky-trebicsko.cz\/de"]}]},{"@type":"ImageObject","inLanguage":"de","@id":"https:\/\/www.ponozky-trebicsko.cz\/de#primaryimage","url":"http:\/\/localhost\/externi\/pvp\/www\/wp-content\/uploads\/2023\/04\/gall04.jpg","contentUrl":"http:\/\/localhost\/externi\/pvp\/www\/wp-content\/uploads\/2023\/04\/gall04.jpg"},{"@type":"BreadcrumbList","@id":"https:\/\/www.ponozky-trebicsko.cz\/de#breadcrumb","itemListElement":[{"@type":"ListItem","position":1,"name":"Dom\u016f","item":"https:\/\/www.ponozky-trebicsko.cz\/de"},{"@type":"ListItem","position":2,"name":"Herstellung von Socken T\u0159eb\u00ed\u010dsko"}]},{"@type":"WebSite","@id":"https:\/\/www.ponozky-trebicsko.cz\/#website","url":"https:\/\/www.ponozky-trebicsko.cz\/","name":"Pono\u017eky T\u0159eb\u00ed\u010dsko","description":"","potentialAction":[{"@type":"SearchAction","target":{"@type":"EntryPoint","urlTemplate":"https:\/\/www.ponozky-trebicsko.cz\/?s={search_term_string}"},"query-input":{"@type":"PropertyValueSpecification","valueRequired":true,"valueName":"search_term_string"}}],"inLanguage":"de"}]}},"_links":{"self":[{"href":"https:\/\/www.ponozky-trebicsko.cz\/de\/wp-json\/wp\/v2\/pages\/399","targetHints":{"allow":["GET"]}}],"collection":[{"href":"https:\/\/www.ponozky-trebicsko.cz\/de\/wp-json\/wp\/v2\/pages"}],"about":[{"href":"https:\/\/www.ponozky-trebicsko.cz\/de\/wp-json\/wp\/v2\/types\/page"}],"author":[{"embeddable":true,"href":"https:\/\/www.ponozky-trebicsko.cz\/de\/wp-json\/wp\/v2\/users\/1"}],"replies":[{"embeddable":true,"href":"https:\/\/www.ponozky-trebicsko.cz\/de\/wp-json\/wp\/v2\/comments?post=399"}],"version-history":[{"count":4,"href":"https:\/\/www.ponozky-trebicsko.cz\/de\/wp-json\/wp\/v2\/pages\/399\/revisions"}],"predecessor-version":[{"id":412,"href":"https:\/\/www.ponozky-trebicsko.cz\/de\/wp-json\/wp\/v2\/pages\/399\/revisions\/412"}],"wp:attachment":[{"href":"https:\/\/www.ponozky-trebicsko.cz\/de\/wp-json\/wp\/v2\/media?parent=399"}],"curies":[{"name":"wp","href":"https:\/\/api.w.org\/{rel}","templated":true}]}}